{"id":111,"date":"2013-10-21T14:44:23","date_gmt":"2013-10-21T14:44:23","guid":{"rendered":"http:\/\/pusdemo.azurewebsites.net\/?page_id=111"},"modified":"2025-09-17T21:59:53","modified_gmt":"2025-09-17T18:59:53","slug":"lentopallo","status":"publish","type":"page","link":"http:\/\/palosaarenurheiluseura.fi\/?page_id=111","title":{"rendered":"Lentopallo"},"content":{"rendered":"<p><strong>Miesten harrastelentopallo<\/strong><\/p>\n<p>Palosaaren koulu ti klo 19.30\u201321.00 (2.9.2025 alkaen)<\/p>\n<p>Palosaaren koulu to klo 19.30\u201321.00 (4.9.2025 alkaen)<\/p>\n<p>Muutama uusikin mahtuu mukaan, ilmoittautuminen paikan p\u00e4\u00e4ll\u00e4.<\/p>\n<p>Tiedustelut: Pekka Hautam\u00e4ki 041-5689334<\/p>\n\n\n<figure class=\"wp-block-image size-full\"><a href=\"http:\/\/palosaarenurheiluseura.fi\/wp-content\/uploads\/2023\/11\/Lentisukot-2023.jpg\"><img loading=\"lazy\" decoding=\"async\" width=\"1000\" height=\"927\" src=\"http:\/\/palosaarenurheiluseura.fi\/wp-content\/uploads\/2023\/11\/Lentisukot-2023.jpg\" alt=\"\" class=\"wp-image-3281\" srcset=\"http:\/\/palosaarenurheiluseura.fi\/wp-content\/uploads\/2023\/11\/Lentisukot-2023.jpg 1000w, http:\/\/palosaarenurheiluseura.fi\/wp-content\/uploads\/2023\/11\/Lentisukot-2023-300x278.jpg 300w, http:\/\/palosaarenurheiluseura.fi\/wp-content\/uploads\/2023\/11\/Lentisukot-2023-768x712.jpg 768w\" sizes=\"auto, (max-width: 1000px) 100vw, 1000px\" \/><\/a><\/figure>\n","protected":false},"excerpt":{"rendered":"<p>Miesten harrastelentopallo Palosaaren koulu ti klo 19.30\u201321.00 (2.9.2025 alkaen) Palosaaren koulu to klo 19.30\u201321.00 (4.9.2025 alkaen) Muutama uusikin mahtuu mukaan, ilmoittautuminen paikan p\u00e4\u00e4ll\u00e4. Tiedustelut: Pekka Hautam\u00e4ki 041-5689334<\/p>\n","protected":false},"author":1,"featured_media":0,"parent":71,"menu_order":0,"comment_status":"closed","ping_status":"closed","template":"onecolumn-page.php","meta":{"footnotes":""},"class_list":["post-111","page","type-page","status-publish","hentry"],"_links":{"self":[{"href":"http:\/\/palosaarenurheiluseura.fi\/index.php?rest_route=\/wp\/v2\/pages\/111","targetHints":{"allow":["GET"]}}],"collection":[{"href":"http:\/\/palosaarenurheiluseura.fi\/index.php?rest_route=\/wp\/v2\/pages"}],"about":[{"href":"http:\/\/palosaarenurheiluseura.fi\/index.php?rest_route=\/wp\/v2\/types\/page"}],"author":[{"embeddable":true,"href":"http:\/\/palosaarenurheiluseura.fi\/index.php?rest_route=\/wp\/v2\/users\/1"}],"replies":[{"embeddable":true,"href":"http:\/\/palosaarenurheiluseura.fi\/index.php?rest_route=%2Fwp%2Fv2%2Fcomments&post=111"}],"version-history":[{"count":25,"href":"http:\/\/palosaarenurheiluseura.fi\/index.php?rest_route=\/wp\/v2\/pages\/111\/revisions"}],"predecessor-version":[{"id":3462,"href":"http:\/\/palosaarenurheiluseura.fi\/index.php?rest_route=\/wp\/v2\/pages\/111\/revisions\/3462"}],"up":[{"embeddable":true,"href":"http:\/\/palosaarenurheiluseura.fi\/index.php?rest_route=\/wp\/v2\/pages\/71"}],"wp:attachment":[{"href":"http:\/\/palosaarenurheiluseura.fi\/index.php?rest_route=%2Fwp%2Fv2%2Fmedia&parent=111"}],"curies":[{"name":"wp","href":"https:\/\/api.w.org\/{rel}","templated":true}]}}