{"id":621,"date":"2014-01-18T13:26:03","date_gmt":"2014-01-18T11:26:03","guid":{"rendered":"http:\/\/pusdemo.azurewebsites.net\/?page_id=621"},"modified":"2025-11-02T20:24:06","modified_gmt":"2025-11-02T18:24:06","slug":"jalkapallo","status":"publish","type":"page","link":"http:\/\/palosaarenurheiluseura.fi\/?page_id=621","title":{"rendered":"Jalkapallo"},"content":{"rendered":"<p><strong>Jalkapallo pojille ja tyt\u00f6ille (synt. 2016\u201317<\/strong><strong>), Ei toimintaa kaudelle 2026<\/strong><\/p>\n<p><strong>Talven harjoitukset<\/strong><\/p>\n<p>VEO Arenalla (Ruutikellarintie 6) ti klo 18.00\u201319.00 (22.10.2024\u201327.5.2025)<\/p>\n<p>Vamian Sampo-kampuksella (Sep\u00e4nkyl\u00e4ntie 16) la klo 13.30\u201314.30 (5.10.2024\u201324.5.2025)<\/p>\n<p><strong>Kes\u00e4n harjoitukset<\/strong><\/p>\n<p>Sorsantien kent\u00e4ll\u00e4 ma klo 17.30\u201319.00 (2.6.2025 alkaen)<\/p>\n<p>Sorsantien kent\u00e4ll\u00e4 to klo 17.00\u201318.00 (12.6.2025 alkaen)<\/p>\n<p>Lis\u00e4tiedot ja ilmoittautumiset: Kaisa Imppola kaisa.imppola@gmail.com<\/p>\n<p>Kes\u00e4ll\u00e4 <a href=\"http:\/\/palosaarenurheiluseura.fi\/wp-content\/uploads\/2025\/07\/kausi-2024-P8.docx\" rel=\"noopener\">2024<\/a> PUS osallistui Juniorcupenissa P8-sarjaan.<\/p>\n<p><strong>Otteluohjelma Juniorcupenissa kaudella 2025 (P9):<\/strong><\/p>\n<p>Sulva ma 2.6. klo 17.30 PUS &#8211; SIF\/SIK Svart<\/p>\n<p>Sulva ma 2.6. klo 18.20 SIF\/SIK Gr\u00f6n &#8211; PUS<\/p>\n<p>MTV 7B ma 16.6. klo 17.00 VPS Valkoinen &#8211; PUS<\/p>\n<p>MTV 7A ma 16.6. klo 17.50 PUS &#8211; VPS Musta<\/p>\n<p>Pikku Ehnvallen ma 23.6. klo 17.30 PUS &#8211; FC Kiisto (kotiturnaus)<\/p>\n<p>Pikku Ehnvallen ma 23.6. klo 19.10 V\u00e4Vi &#8211; PUS (kotiturnaus)<\/p>\n<p>MTV 7B ma 30.6. klo 18.00 VIFK Vit &#8211; PUS<\/p>\n<p>MTV 7A ma 30.6. klo 18.50 PUS &#8211; VIFK Bl\u00e5<\/p>\n<p>MTV 7B ti 8.7. klo 17.00 FC Kuffen &#8211; PUS<\/p>\n<p>MTV 7A ti 8.7. klo 17.50 PUS &#8211; FC Komu<\/p>\n<p>Korsn\u00e4s BK ma 28.7. klo 18.00 PUS &#8211; Kraft FF<\/p>\n<p>Korsn\u00e4s BK ma 28.7. klo 18.50 Korsn\u00e4s BK &#8211; PUS<\/p>\n<p>MTV 7A ma 4.8. klo 17.30 PUS &#8211; Malax IF (kotiturnaus)<\/p>\n<p>MTV 7A ma 4.8. klo 18.20 BK-48 &#8211; PUS (kotiturnaus)<\/p>\n<p>Laihia ma 11.8. klo 17.30 Norrvalla FF &#8211; PUS<\/p>\n<p>Laihia ma 11.8. klo 18.20 PUS &#8211; Laihian Luja<\/p>\n<p>Pikku Ehnvallen ma 18.8. klo 17.00 PUS &#8211; I-JBK R\u00f6d<\/p>\n<p>Pikku Ehnvallen ma 18.8. klo 17.50 I-JBK Bl\u00e5 &#8211; PUS<\/p>\n<p>Sarjataulukkoon ja tuloksiin <a href=\"https:\/\/www.tabeller.nu\/cavallit\/pages\/show_table\/13545.php\" target=\"_blank\" rel=\"noopener\"><em>t\u00e4\u00e4lt\u00e4<\/em><\/a><\/p>\n<p>**********<\/p>\n<p><strong>Jalkapallo v. 2012\u201314 syntyneille pojille<\/strong><\/p>\n<p>Joukkueeseen mahtuu viel\u00e4 2\u20133 poikaa, joilla on jo jonkin verran kokemusta jalkapalloharrastuksesta. Ilmoittaudu rohkeasti mukaan!<\/p>\n<p><strong>Talven harjoitukset<\/strong><\/p>\n<p>VEO Arenalla (Ruutikellarintie 6) tiistaisin klo 18.00\u201319.30 (toukokuun 2026 loppuun saakka)<\/p>\n<p>Vamian Sampo-kampuksella (Sep\u00e4nkyl\u00e4ntie 16) lauantaisin klo 13.00\u201315.00 (toukokuun 2026 loppuun saakka)<\/p>\n<p><strong>Kes\u00e4n harjoitukset<\/strong><\/p>\n<p>Sorsantien kent\u00e4ll\u00e4 ma klo 18.00\u201319.30 (2.6.\u20138.9.2025)<\/p>\n<p>Sorsantien kent\u00e4ll\u00e4 to klo 17.00\u201318.00 (12.6.\u201311.9.2025)<\/p>\n<p>Lis\u00e4tiedot ja ilmoittautumiset: Susanna Saari susannasaari79@gmail.com<\/p>\n<figure id=\"attachment_3169\" aria-describedby=\"caption-attachment-3169\" style=\"width: 640px\" class=\"wp-caption aligncenter\"><a href=\"http:\/\/palosaarenurheiluseura.fi\/wp-content\/uploads\/2022\/10\/IMG-20220710-WA0020.jpg\"><img loading=\"lazy\" decoding=\"async\" class=\"wp-image-3169 size-large\" src=\"http:\/\/palosaarenurheiluseura.fi\/wp-content\/uploads\/2022\/10\/IMG-20220710-WA0020-1024x768.jpg\" alt=\"\" width=\"640\" height=\"480\" srcset=\"http:\/\/palosaarenurheiluseura.fi\/wp-content\/uploads\/2022\/10\/IMG-20220710-WA0020-1024x768.jpg 1024w, http:\/\/palosaarenurheiluseura.fi\/wp-content\/uploads\/2022\/10\/IMG-20220710-WA0020-300x225.jpg 300w, http:\/\/palosaarenurheiluseura.fi\/wp-content\/uploads\/2022\/10\/IMG-20220710-WA0020-768x576.jpg 768w, http:\/\/palosaarenurheiluseura.fi\/wp-content\/uploads\/2022\/10\/IMG-20220710-WA0020-1536x1152.jpg 1536w, http:\/\/palosaarenurheiluseura.fi\/wp-content\/uploads\/2022\/10\/IMG-20220710-WA0020.jpg 1600w\" sizes=\"auto, (max-width: 640px) 100vw, 640px\" \/><\/a><figcaption id=\"caption-attachment-3169\" class=\"wp-caption-text\">PUS:n jalkapallojuniorit P9 Wasa Football Cupissa 10.7.2022<\/figcaption><\/figure>\n<p>Joukkue osallistui <em><a href=\"http:\/\/palosaarenurheiluseura.fi\/wp-content\/uploads\/2019\/01\/PUS-P7-otteluohjelma-JC2018.xlsx\" target=\"_blank\" rel=\"noopener\">kes\u00e4ll\u00e4 2018<\/a> <\/em>Minicupenin P7-sarjaan, jossa pelimuotona oli 5v5.<\/p>\n<p><a href=\"http:\/\/palosaarenurheiluseura.fi\/wp-content\/uploads\/2020\/06\/Otteluohjelma-JC-2019.pdf\" target=\"_blank\" rel=\"noopener\"><em>Kes\u00e4ll\u00e4 2019<\/em><\/a> PUS osallistui Juniorcupenissa 5v5-sarjoihin P9 ja P8.<\/p>\n<p><a href=\"http:\/\/palosaarenurheiluseura.fi\/wp-content\/uploads\/2021\/06\/Otteluohjelma-JC-2020.pdf\" target=\"_blank\" rel=\"noopener\"><em>Kes\u00e4ll\u00e4 2020<\/em><\/a> PUS osallistui Juniorcupenissa yhteisjoukkueella FC Kiiston kanssa 5v5-sarjoihin P9 ja P8.<\/p>\n<p><a href=\"http:\/\/palosaarenurheiluseura.fi\/wp-content\/uploads\/2022\/06\/Otteluohjelma-JC-2021.pdf\" target=\"_blank\" rel=\"noopener\"><em>Kes\u00e4ll\u00e4 2021<\/em><\/a> PUS osallistui Juniorcupenissa P8-sarjaan.<\/p>\n<p><a href=\"http:\/\/palosaarenurheiluseura.fi\/wp-content\/uploads\/2023\/10\/Otteluohjelma-JC-2022.pdf\" target=\"_blank\" rel=\"noopener\"><em>Kes\u00e4ll\u00e4 2022<\/em><\/a> PUS osallistui Juniorcupenissa P9-sarjaan.<\/p>\n<p><a href=\"http:\/\/palosaarenurheiluseura.fi\/wp-content\/uploads\/2024\/04\/Tulokset-piirisarja-2023.pdf\" target=\"_blank\" rel=\"noopener\"><em>Kes\u00e4ll\u00e4 2023<\/em><\/a> PUS osallistui piirisarjassa P10-sarjan 2-tasoon<\/p>\n<p><a href=\"https:\/\/tulospalvelu.palloliitto.fi\/team\/35139857\/info\" target=\"_blank\" rel=\"noopener\"><em>Tulospalvelu 2023<\/em><\/a><\/p>\n<p>Kes\u00e4ll\u00e4 <a href=\"http:\/\/palosaarenurheiluseura.fi\/wp-content\/uploads\/2025\/07\/kausi-2024-P12.docx\" target=\"_blank\" rel=\"noopener\">2024<\/a> PUS osallistui Juniorcupenissa P12-sarjaan.<\/p>\n<p><strong>Kev\u00e4\u00e4n otteluohjelma piirisarjassa kaudella 2025 (P12 Kakkonen):<\/strong><\/p>\n<p>Isolahti A ma 5.5. klo 19.00 PUS &#8211; VPS J\/Musta<\/p>\n<p>Isolahti A ke 14.5. klo 17.00 PUS &#8211; SIF<\/p>\n<p>Braheplan A ti 20.5. klo 18.00 Sporting Kristina &#8211; PUS<\/p>\n<p>Isolahti B pe 30.5. klo 16.30 PUS &#8211; BK-48<\/p>\n<p>Karvsor 2 A ke 4.6. klo 18.00 Norrvalla FF &#8211; PUS<\/p>\n<p>MTV 11 ma 9.6. klo 17.00 PUS &#8211; N\u00e4rpes Kraft<\/p>\n<p>MTV 12 ma 23.6. klo 17.00 VIFK\/Blue &#8211; PUS<\/p>\n<p><strong>Syksyn otteluohjelma piirisarjassa kaudella 2025 (P12 Kolmonen)<\/strong><\/p>\n<p>Kauhava tekonurmi A ke 23.7. klo 18.30 Kanu &#8211; PUS<\/p>\n<p>Asema A ti 29.7. klo 18.30 APV &#8211; PUS<\/p>\n<p>MTV 11 ma 11.8. klo 18.00 PUS &#8211; VIFK\/Gold<\/p>\n<p>MTV 11 ma 18.8. klo 18.00 PUS &#8211; Norrvalla FF<\/p>\n<p>MTV 11 ti 26.8. klo 18.00 PUS &#8211; SJK-j\/kulta<\/p>\n<p>Kiuaskallio B pe 5.9. klo 18.00 Jalas &#8211; PUS<\/p>\n<p>Kyrk\u00f6sj\u00e4rvi A la 5.9. klo 10.30 Sepsi-78\/-14 &#8211; PUS<\/p>\n<p>MTV 11 ma 15.9. klo 18.00 PUS &#8211; Malax IF<\/p>\n<p>Isolahti A ma 22.9. klo 18.00 PUS &#8211; IK\/Punainen<\/p>\n<p>Variska A to 29.9. klo 16.30 VPS J\/1924 &#8211; PUS<\/p>\n<p>Sarjataulukkoon ja tuloksiin <a href=\"https:\/\/tulospalvelu.palloliitto.fi\/team\/35139857\/info\" target=\"_blank\" rel=\"noopener\"><em>t\u00e4\u00e4lt\u00e4<\/em><\/a><\/p>\n<p>**********<\/p>\n<p><strong>Edustusjoukkue<\/strong><a href=\"http:\/\/palosaarenurheiluseura.fi\/wp-content\/uploads\/2014\/02\/JOUKKUE_resize.jpg\"><img loading=\"lazy\" decoding=\"async\" class=\"size-full wp-image-1201 alignright\" src=\"http:\/\/palosaarenurheiluseura.fi\/wp-content\/uploads\/2014\/02\/JOUKKUE_resize.jpg\" alt=\"JOUKKUE_resize\" width=\"782\" height=\"521\" srcset=\"http:\/\/palosaarenurheiluseura.fi\/wp-content\/uploads\/2014\/02\/JOUKKUE_resize.jpg 782w, http:\/\/palosaarenurheiluseura.fi\/wp-content\/uploads\/2014\/02\/JOUKKUE_resize-300x199.jpg 300w\" sizes=\"auto, (max-width: 782px) 100vw, 782px\" \/><\/a><\/p>\n<p><strong>\u00a0<\/strong><\/p>\n<p>Joukkue kes\u00e4ll\u00e4 2013.<em> <strong>Yl\u00e4rivi: <\/strong>\u00a0Ville Rimpil\u00e4, Anton Dahlmars, Roope Hepom\u00e4ki, Jarmo Ojanen, Tuomas Teirfolk, Jori Kallio, Joni Sundqvist, Juho Iloviita, Jesper Hagstr\u00f6m, Topias Iloviita. <strong>Alarivi:<\/strong> Matti Parikka, Teemu Per\u00e4talo, Joni Kurkim\u00e4ki, Marcus Mattila, Juho Nieminen, Niklas Hj\u00e4rpe, Antti Laulaja, Lasse Juslin, Otto Dahlmars. <strong>Kuvasta puuttuvat:<\/strong> Sebastian L\u00f6nnbohm, Jere Siljam\u00e4ki, Tomi Lamminaho.<\/em><\/p>\n<p>Jalkapallo palasi Palosaaren Urheiluseuran lajivalikoimaan vuonna 2013. Joukkue pelasi VI divisioonassa ja p\u00e4\u00e4tyi ylemm\u00e4n loppusarjan 2. sijalle. Loppujen lopuksi PUS nostettiin V divisioonaan kaudelle 2014. Toisella Vitosen kaudellaan joukkue voitti sarjansa ja nousi kes\u00e4ksi 2016 Neloseen, josta kuitenkin putosi takaisin Vitoseen.<\/p>\n<p>Pelatut sarjat sek\u00e4 uusimmista sarjatilanteet ja pelatut ottelut:<\/p>\n<p>vuosi 2013: kev\u00e4t M6 Kutonen lohko 1 ja syksy M6 Kutonen yl\u00e4loppusarja<\/p>\n<p>vuosi 2014: M5 Vitonen<\/p>\n<p>vuosi 2015: M5 Vitonen<\/p>\n<p>vuosi 2016: M4 Nelonen<\/p>\n<p>vuosi 2017: M5 Vitonen<\/p>\n<p>vuodet 2018\u20132025: ei toimintaa<\/p>\n<p>**********<\/p>\n","protected":false},"excerpt":{"rendered":"<p>Jalkapallo pojille ja tyt\u00f6ille (synt. 2016\u201317), Ei toimintaa kaudelle 2026 Talven harjoitukset VEO Arenalla (Ruutikellarintie 6) ti klo 18.00\u201319.00 (22.10.2024\u201327.5.2025) Vamian Sampo-kampuksella (Sep\u00e4nkyl\u00e4ntie 16) la klo 13.30\u201314.30 (5.10.2024\u201324.5.2025) Kes\u00e4n harjoitukset Sorsantien kent\u00e4ll\u00e4 ma klo 17.30\u201319.00 (2.6.2025 alkaen) Sorsantien kent\u00e4ll\u00e4 to klo 17.00\u201318.00 (12.6.2025 alkaen) Lis\u00e4tiedot ja ilmoittautumiset: Kaisa Imppola kaisa.imppola@gmail.com Kes\u00e4ll\u00e4 2024 PUS osallistui Juniorcupenissa [&hellip;]<\/p>\n","protected":false},"author":1,"featured_media":0,"parent":71,"menu_order":0,"comment_status":"closed","ping_status":"closed","template":"onecolumn-page.php","meta":{"footnotes":""},"class_list":["post-621","page","type-page","status-publish","hentry"],"_links":{"self":[{"href":"http:\/\/palosaarenurheiluseura.fi\/index.php?rest_route=\/wp\/v2\/pages\/621","targetHints":{"allow":["GET"]}}],"collection":[{"href":"http:\/\/palosaarenurheiluseura.fi\/index.php?rest_route=\/wp\/v2\/pages"}],"about":[{"href":"http:\/\/palosaarenurheiluseura.fi\/index.php?rest_route=\/wp\/v2\/types\/page"}],"author":[{"embeddable":true,"href":"http:\/\/palosaarenurheiluseura.fi\/index.php?rest_route=\/wp\/v2\/users\/1"}],"replies":[{"embeddable":true,"href":"http:\/\/palosaarenurheiluseura.fi\/index.php?rest_route=%2Fwp%2Fv2%2Fcomments&post=621"}],"version-history":[{"count":184,"href":"http:\/\/palosaarenurheiluseura.fi\/index.php?rest_route=\/wp\/v2\/pages\/621\/revisions"}],"predecessor-version":[{"id":3475,"href":"http:\/\/palosaarenurheiluseura.fi\/index.php?rest_route=\/wp\/v2\/pages\/621\/revisions\/3475"}],"up":[{"embeddable":true,"href":"http:\/\/palosaarenurheiluseura.fi\/index.php?rest_route=\/wp\/v2\/pages\/71"}],"wp:attachment":[{"href":"http:\/\/palosaarenurheiluseura.fi\/index.php?rest_route=%2Fwp%2Fv2%2Fmedia&parent=621"}],"curies":[{"name":"wp","href":"https:\/\/api.w.org\/{rel}","templated":true}]}}