{"id":1851,"date":"2014-03-31T21:41:52","date_gmt":"2014-03-31T18:41:52","guid":{"rendered":"http:\/\/pusdemo.azurewebsites.net\/?page_id=1851"},"modified":"2022-04-04T19:33:44","modified_gmt":"2022-04-04T16:33:44","slug":"historia","status":"publish","type":"page","link":"https:\/\/palosaarenurheiluseura.fi\/?page_id=1851","title":{"rendered":"Historia"},"content":{"rendered":"<p>Palosaaren Urheiluseuran historia<\/p>\n<p>Perustaminen l\u00e4hti liikkeelle Vaasan Puuvillatehtaan tarpeista ty\u00f6v\u00e4est\u00f6n ohjaamiseen terveellisen liikunnan ja sen tuoman kilpailun pariin. Tehtaan ja sen l\u00e4hiymp\u00e4rist\u00f6n urheilutoiminnan jatkuvasti laajentuessa harrastajat totesivat, ett\u00e4 toiminta olisi organisoitava yhten\u00e4isemm\u00e4ksi. Ainoa tapa oli perustaa oma urheiluseura.<\/p>\n<p>7.4.1902 puuvillatehtaan varastonhoitajan Viktor Blomqvistin puheenjohdolla kokoontui joukko tehtaan ty\u00f6l\u00e4isi\u00e4 p\u00e4\u00e4m\u00e4\u00e4r\u00e4n\u00e4\u00e4n oman urheiluseuran perustaminen. Seuran perustamisp\u00e4\u00e4t\u00f6s oli yksimielinen ja nimen valintakin oli helppo. Koska seuran toimialue tuli olemaan Palosaari, nimeksi sopi parhaiten Palosaaren Urheiluseura &#8211; Br\u00e4nd\u00f6 Idrottss\u00e4llskap.<\/p>\n<p>Palosaaren Urheiluseuran toiminta oli alusta alkaen voimakasta ja lyhyess\u00e4 ajassa seurasta kehittyikin monipuolisesti ja ripe\u00e4sti toimiva urheiluseura. Ensimm\u00e4iseksi lajiksi merkittiin soutu, joka olikin alkuvuosina seuran voimakkain laji. Seuralla oli voittamattomat mies- ja naisjoukkueet. Liikunnallisena harrastuslajina voimistelu oli suosittua vet\u00e4en suuret joukot puoleensa. My\u00f6hemm\u00e4ss\u00e4 vaiheessa l\u00f6ydettiin muotoja sen esitt\u00e4miselle n\u00e4yt\u00f6s- ja kilpailulajina.<\/p>\n<p>Vuosien varrella on ollut monenmoista harrastus- ja kilpailulajia, koska seurasta on aina l\u00f6ytynyt aktiivisia ja osaavia vet\u00e4ji\u00e4 sek\u00e4 seuran kehitt\u00e4ji\u00e4 aina n\u00e4ihin p\u00e4iviin asti.<\/p>\n","protected":false},"excerpt":{"rendered":"<p>Palosaaren Urheiluseuran historia Perustaminen l\u00e4hti liikkeelle Vaasan Puuvillatehtaan tarpeista ty\u00f6v\u00e4est\u00f6n ohjaamiseen terveellisen liikunnan ja sen tuoman kilpailun pariin. Tehtaan ja sen l\u00e4hiymp\u00e4rist\u00f6n urheilutoiminnan jatkuvasti laajentuessa harrastajat totesivat, ett\u00e4 toiminta olisi organisoitava yhten\u00e4isemm\u00e4ksi. Ainoa tapa oli perustaa oma urheiluseura. 7.4.1902 puuvillatehtaan varastonhoitajan Viktor Blomqvistin puheenjohdolla kokoontui joukko tehtaan ty\u00f6l\u00e4isi\u00e4 p\u00e4\u00e4m\u00e4\u00e4r\u00e4n\u00e4\u00e4n oman urheiluseuran perustaminen. Seuran perustamisp\u00e4\u00e4t\u00f6s oli [&hellip;]<\/p>\n","protected":false},"author":1,"featured_media":0,"parent":1871,"menu_order":0,"comment_status":"closed","ping_status":"closed","template":"","meta":{"footnotes":""},"class_list":["post-1851","page","type-page","status-publish","hentry"],"_links":{"self":[{"href":"https:\/\/palosaarenurheiluseura.fi\/index.php?rest_route=\/wp\/v2\/pages\/1851","targetHints":{"allow":["GET"]}}],"collection":[{"href":"https:\/\/palosaarenurheiluseura.fi\/index.php?rest_route=\/wp\/v2\/pages"}],"about":[{"href":"https:\/\/palosaarenurheiluseura.fi\/index.php?rest_route=\/wp\/v2\/types\/page"}],"author":[{"embeddable":true,"href":"https:\/\/palosaarenurheiluseura.fi\/index.php?rest_route=\/wp\/v2\/users\/1"}],"replies":[{"embeddable":true,"href":"https:\/\/palosaarenurheiluseura.fi\/index.php?rest_route=%2Fwp%2Fv2%2Fcomments&post=1851"}],"version-history":[{"count":1,"href":"https:\/\/palosaarenurheiluseura.fi\/index.php?rest_route=\/wp\/v2\/pages\/1851\/revisions"}],"predecessor-version":[{"id":3077,"href":"https:\/\/palosaarenurheiluseura.fi\/index.php?rest_route=\/wp\/v2\/pages\/1851\/revisions\/3077"}],"up":[{"embeddable":true,"href":"https:\/\/palosaarenurheiluseura.fi\/index.php?rest_route=\/wp\/v2\/pages\/1871"}],"wp:attachment":[{"href":"https:\/\/palosaarenurheiluseura.fi\/index.php?rest_route=%2Fwp%2Fv2%2Fmedia&parent=1851"}],"curies":[{"name":"wp","href":"https:\/\/api.w.org\/{rel}","templated":true}]}}