{"id":2001,"date":"2014-04-06T17:15:54","date_gmt":"2014-04-06T14:15:54","guid":{"rendered":"http:\/\/pusdemo.azurewebsites.net\/?page_id=2001"},"modified":"2014-04-06T17:15:54","modified_gmt":"2014-04-06T14:15:54","slug":"voimailusali","status":"publish","type":"page","link":"https:\/\/palosaarenurheiluseura.fi\/?page_id=2001","title":{"rendered":"Voimailusali"},"content":{"rendered":"<p style=\"text-align: left;\" align=\"center\">Palosaaren Urheiluseuran voimailusali sijaitsee Palosaaren j\u00e4rjest\u00f6talolla (Vapaudentie 27), ja se toimii kausimaksuperiaatteella.<\/p>\n<p style=\"text-align: left;\" align=\"center\">Jaoston yhteyshenkil\u00f6t:<\/p>\n<p style=\"text-align: left;\" align=\"center\">Sihteeri Jorma Kyr\u00f6nper\u00e4 050-3138164<\/p>\n<p style=\"text-align: left;\" align=\"center\">Puheenjohtaja Harri Vuorinen 040-7370069<\/p>\n","protected":false},"excerpt":{"rendered":"<p>Palosaaren Urheiluseuran voimailusali sijaitsee Palosaaren j\u00e4rjest\u00f6talolla (Vapaudentie 27), ja se toimii kausimaksuperiaatteella. Jaoston yhteyshenkil\u00f6t: Sihteeri Jorma Kyr\u00f6nper\u00e4 050-3138164 Puheenjohtaja Harri Vuorinen 040-7370069<\/p>\n","protected":false},"author":1,"featured_media":0,"parent":0,"menu_order":0,"comment_status":"closed","ping_status":"closed","template":"","meta":{"footnotes":""},"class_list":["post-2001","page","type-page","status-publish","hentry"],"_links":{"self":[{"href":"https:\/\/palosaarenurheiluseura.fi\/index.php?rest_route=\/wp\/v2\/pages\/2001","targetHints":{"allow":["GET"]}}],"collection":[{"href":"https:\/\/palosaarenurheiluseura.fi\/index.php?rest_route=\/wp\/v2\/pages"}],"about":[{"href":"https:\/\/palosaarenurheiluseura.fi\/index.php?rest_route=\/wp\/v2\/types\/page"}],"author":[{"embeddable":true,"href":"https:\/\/palosaarenurheiluseura.fi\/index.php?rest_route=\/wp\/v2\/users\/1"}],"replies":[{"embeddable":true,"href":"https:\/\/palosaarenurheiluseura.fi\/index.php?rest_route=%2Fwp%2Fv2%2Fcomments&post=2001"}],"version-history":[{"count":0,"href":"https:\/\/palosaarenurheiluseura.fi\/index.php?rest_route=\/wp\/v2\/pages\/2001\/revisions"}],"wp:attachment":[{"href":"https:\/\/palosaarenurheiluseura.fi\/index.php?rest_route=%2Fwp%2Fv2%2Fmedia&parent=2001"}],"curies":[{"name":"wp","href":"https:\/\/api.w.org\/{rel}","templated":true}]}}