{"id":51,"date":"2013-10-21T14:42:43","date_gmt":"2013-10-21T14:42:43","guid":{"rendered":"http:\/\/pusdemo.azurewebsites.net\/?page_id=51"},"modified":"2024-03-18T18:56:09","modified_gmt":"2024-03-18T16:56:09","slug":"johtokunta","status":"publish","type":"page","link":"https:\/\/palosaarenurheiluseura.fi\/?page_id=51","title":{"rendered":"Johtokunta"},"content":{"rendered":"<p><strong>Puheenjohtaja:<\/strong>\u00a0Jukka Kuusi<br \/>\n<span style=\"font-family: Arial;\"><b>S\u00e4hk\u00f6posti: <\/b><a href=\"mailto:jukkakuusi@hotmail.com\" rel=\"noreferrer\">jukkakuusi@hotmail.com<\/a><\/span><\/p>\n<p><strong>Varapuheenjohtaja:<\/strong>\u00a0Matti Kuusi<br \/>\n<strong>Puh:<\/strong>\u00a0040-8454496<\/p>\n<p><strong>Rahastonhoitaja:<\/strong>\u00a0Jari Koljonen<br \/>\n<strong>Puh:<\/strong>\u00a0040-5938918<br \/>\n<b>S\u00e4hk\u00f6posti:<\/b>\u00a0<a href=\"mailto:jari.koljonen@netikka.fi\"><span style=\"color: #000000; font-family: Arial;\">jari.koljonen@netikka.fi<\/span><\/a><\/p>\n<p><span style=\"font-family: Arial;\"><strong>Sihteeri:<\/strong> Hanna-Mari Hautam\u00e4ki<br \/>\n<span style=\"font-family: Arial;\"><b>S\u00e4hk\u00f6posti: <\/b><a href=\"mailto:hanna.h@netikka.fi\">hanna.h@netikka.fi<\/a><\/span><\/span><\/p>\n<p><span style=\"font-family: Arial;\"><strong>Seuratiedottaja: <\/strong>Emmi Backman<\/span><\/p>\n<p><span style=\"font-family: Arial;\"><strong><br \/>\n<\/strong><\/span><span style=\"font-family: Arial;\"><strong>muut johtokunnan j\u00e4senet:<\/strong><br \/>\n<\/span><\/p>\n<p>Rauli Kokkonen<br \/>\nMarko Jokela<\/p>\n","protected":false},"excerpt":{"rendered":"<p>Puheenjohtaja:\u00a0Jukka Kuusi S\u00e4hk\u00f6posti: jukkakuusi@hotmail.com Varapuheenjohtaja:\u00a0Matti Kuusi Puh:\u00a0040-8454496 Rahastonhoitaja:\u00a0Jari Koljonen Puh:\u00a0040-5938918 S\u00e4hk\u00f6posti:\u00a0jari.koljonen@netikka.fi Sihteeri: Hanna-Mari Hautam\u00e4ki S\u00e4hk\u00f6posti: hanna.h@netikka.fi Seuratiedottaja: Emmi Backman muut johtokunnan j\u00e4senet: Rauli Kokkonen Marko Jokela<\/p>\n","protected":false},"author":1,"featured_media":0,"parent":1871,"menu_order":0,"comment_status":"closed","ping_status":"closed","template":"","meta":[],"_links":{"self":[{"href":"https:\/\/palosaarenurheiluseura.fi\/index.php?rest_route=\/wp\/v2\/pages\/51"}],"collection":[{"href":"https:\/\/palosaarenurheiluseura.fi\/index.php?rest_route=\/wp\/v2\/pages"}],"about":[{"href":"https:\/\/palosaarenurheiluseura.fi\/index.php?rest_route=\/wp\/v2\/types\/page"}],"author":[{"embeddable":true,"href":"https:\/\/palosaarenurheiluseura.fi\/index.php?rest_route=\/wp\/v2\/users\/1"}],"replies":[{"embeddable":true,"href":"https:\/\/palosaarenurheiluseura.fi\/index.php?rest_route=%2Fwp%2Fv2%2Fcomments&post=51"}],"version-history":[{"count":14,"href":"https:\/\/palosaarenurheiluseura.fi\/index.php?rest_route=\/wp\/v2\/pages\/51\/revisions"}],"predecessor-version":[{"id":3308,"href":"https:\/\/palosaarenurheiluseura.fi\/index.php?rest_route=\/wp\/v2\/pages\/51\/revisions\/3308"}],"up":[{"embeddable":true,"href":"https:\/\/palosaarenurheiluseura.fi\/index.php?rest_route=\/wp\/v2\/pages\/1871"}],"wp:attachment":[{"href":"https:\/\/palosaarenurheiluseura.fi\/index.php?rest_route=%2Fwp%2Fv2%2Fmedia&parent=51"}],"curies":[{"name":"wp","href":"https:\/\/api.w.org\/{rel}","templated":true}]}}